{"id":564,"date":"2026-04-25T08:42:41","date_gmt":"2026-04-25T08:42:41","guid":{"rendered":"https:\/\/proptrustverified.com\/es\/product\/servicio-express-24h\/"},"modified":"2026-04-25T09:04:17","modified_gmt":"2026-04-25T09:04:17","slug":"servicio-express-24h","status":"publish","type":"product","link":"https:\/\/proptrustverified.com\/es\/product\/servicio-express-24h\/","title":{"rendered":"Servicio Express 24h"},"content":{"rendered":"\r\n<h2 class=\"wp-block-heading\">Resultados en 24 horas: Confianza y Eficiencia<\/h2>\r\n\r\n\r\n\r\n<p>Dise\u00f1ado para quienes no pueden esperar, el <strong>Servicio Express 24h<\/strong> garantiza que recibir\u00e1s tu informe en tan solo 24 horas laborales. Este nivel de prioridad te permite tomar decisiones cr\u00edticas sin demoras.<\/p>\r\n\r\n\r\n\r\n<h2 class=\"wp-block-heading\">Un Producto Ajustable y Exclusivo<\/h2>\r\n\r\n\r\n\r\n<p>El <em>Producto G: Informe Express (24h)<\/em> es una soluci\u00f3n simple y personalizable, dise\u00f1ada para ajustarse perfectamente a tus necesidades. Ten en cuenta que este servicio se ofrece \u00fanicamente como complemento de otros productos, asegurando un enfoque integral en cada solicitud.<\/p>\r\n\r\n\r\n\r\n<h2 class=\"wp-block-heading\">Valor Inigualable en Cada Pedido<\/h2>\r\n\r\n\r\n\r\n<p>Con un precio de solo <strong>150\u20ac<\/strong>, este servicio premium representa un equilibrio perfecto entre velocidad y calidad. Nos comprometemos con la excelencia, para que t\u00fa puedas enfocarte en lo que de verdad importa, mientras nosotros cuidamos de tus necesidades urgentes.<\/p>\r\n","protected":false},"excerpt":{"rendered":"<p>Resultados en 24 horas: Confianza y Eficiencia Dise\u00f1ado para quienes no pueden esperar, el Servicio Express 24h garantiza que recibir\u00e1s tu informe en tan solo 24 horas laborales. Este nivel de prioridad te permite tomar decisiones cr\u00edticas sin demoras. Un Producto Ajustable y Exclusivo El Producto G: Informe Express (24h) es una soluci\u00f3n simple y [&hellip;]<\/p>\n","protected":false},"featured_media":271,"comment_status":"open","ping_status":"closed","template":"","meta":{"_acf_changed":false},"product_brand":[],"product_cat":[19],"product_tag":[],"class_list":{"0":"post-564","1":"product","2":"type-product","3":"status-publish","4":"has-post-thumbnail","6":"product_cat-verificacion-inmobiliaria-proptrust-verified","8":"first","9":"instock","10":"virtual","11":"purchasable","12":"product-type-simple"},"acf":[],"_links":{"self":[{"href":"https:\/\/proptrustverified.com\/es\/wp-json\/wp\/v2\/product\/564","targetHints":{"allow":["GET"]}}],"collection":[{"href":"https:\/\/proptrustverified.com\/es\/wp-json\/wp\/v2\/product"}],"about":[{"href":"https:\/\/proptrustverified.com\/es\/wp-json\/wp\/v2\/types\/product"}],"replies":[{"embeddable":true,"href":"https:\/\/proptrustverified.com\/es\/wp-json\/wp\/v2\/comments?post=564"}],"wp:featuredmedia":[{"embeddable":true,"href":"https:\/\/proptrustverified.com\/es\/wp-json\/wp\/v2\/media\/271"}],"wp:attachment":[{"href":"https:\/\/proptrustverified.com\/es\/wp-json\/wp\/v2\/media?parent=564"}],"wp:term":[{"taxonomy":"product_brand","embeddable":true,"href":"https:\/\/proptrustverified.com\/es\/wp-json\/wp\/v2\/product_brand?post=564"},{"taxonomy":"product_cat","embeddable":true,"href":"https:\/\/proptrustverified.com\/es\/wp-json\/wp\/v2\/product_cat?post=564"},{"taxonomy":"product_tag","embeddable":true,"href":"https:\/\/proptrustverified.com\/es\/wp-json\/wp\/v2\/product_tag?post=564"}],"curies":[{"name":"wp","href":"https:\/\/api.w.org\/{rel}","templated":true}]}}