{"id":559,"date":"2026-04-25T08:34:17","date_gmt":"2026-04-25T08:34:17","guid":{"rendered":"https:\/\/proptrustverified.com\/es\/product\/verificacion-inmobiliaria-premium-nivel-silver-gold\/"},"modified":"2026-04-25T10:22:40","modified_gmt":"2026-04-25T10:22:40","slug":"verificacion-inmobiliaria-premium-nivel-silver-gold","status":"publish","type":"product","link":"https:\/\/proptrustverified.com\/en\/product\/verificacion-inmobiliaria-premium-nivel-silver-gold\/","title":{"rendered":"Verificaci\u00f3n Inmobiliaria Premium \u2013 Nivel Silver\/Gold"},"content":{"rendered":"<p><img decoding=\"async\" class=\"hts-content-image size-large wp-image-0\" src=\"https:\/\/images.unsplash.com\/photo-1624365169364-0640dd10e180\" alt=\"Verificaci\u00f3n Inmobiliaria Premium \u2013 Nivel Silver\/Gold\" \/><\/p>\r\n\r\n<h2 class=\"wp-block-heading\">Un Servicio Premium para Propiedades Exclusivas<\/h2>\r\n\r\n\r\n\r\n<p>Obt\u00e9n la confianza que necesitas en tu operaci\u00f3n inmobiliaria con nuestra <strong>Verificaci\u00f3n Inmobiliaria Premium<\/strong>. Este servicio est\u00e1 dise\u00f1ado especialmente para chalets, propiedades de lujo o transacciones que requieren una venta r\u00e1pida y segura.<\/p>\r\n\r\n\r\n\r\n<p>Incluyendo elementos avanzados como termograf\u00eda infrarroja y valoraci\u00f3n de mercado, te proporcionamos un informe s\u00f3lido que te permite tomar decisiones informadas y respaldadas por datos confiables.<\/p>\r\n\r\n\r\n\r\n<h2 class=\"wp-block-heading\">\u00bfQu\u00e9 Incluye la Verificaci\u00f3n Premium?<\/h2>\r\n\r\n\r\n\r\n<p>Con nuestro servicio, recibir\u00e1s una inspecci\u00f3n presencial realizada por un perito colegiado que garantiza m\u00e1xima precisi\u00f3n. Adem\u00e1s, se a\u00f1aden las siguientes ventajas:<\/p>\r\n\r\n\r\n\r\n<p>\u2705 <strong>Inspecci\u00f3n presencial:<\/strong> Un experto visitar\u00e1 la propiedad para una evaluaci\u00f3n exhaustiva.<br \/>\u2705 <strong>Termograf\u00eda infrarroja:<\/strong> Diagn\u00f3stico avanzado para identificar posibles problemas sin causar da\u00f1o.<br \/>\u2705 <strong>Informe completo:<\/strong> Incluye fotos 360\u00b0 geolocalizadas para ofrecerte una visi\u00f3n clara y precisa.<br \/>\u2705 <strong>Valoraci\u00f3n de mercado:<\/strong> Conoce el precio justo de la propiedad y el coste de puesta a punto.<\/p>\r\n\r\n\r\n\r\n<h2 class=\"wp-block-heading\">Entrega R\u00e1pida en Solo 48 Horas<\/h2>\r\n\r\n\r\n\r\n<p>Sabemos lo importante que es la velocidad en el sector inmobiliario. Por eso, nuestro servicio <em>PropTrust Verified<\/em> te asegura una entrega del informe en tan solo 48 horas, de modo que puedas actuar con rapidez y confianza.<\/p>\r\n\r\n\r\n\r\n<p>A un precio competitivo de <strong>599 \u20ac<\/strong>, nuestro servicio premium te ofrece mucho m\u00e1s que una simple inspecci\u00f3n: te brinda seguridad, confianza y claridad en cada paso del proceso inmobiliario.<\/p>\r\n","protected":false},"excerpt":{"rendered":"<p>Un Servicio Premium para Propiedades Exclusivas Obt\u00e9n la confianza que necesitas en tu operaci\u00f3n inmobiliaria con nuestra Verificaci\u00f3n Inmobiliaria Premium. Este servicio est\u00e1 dise\u00f1ado especialmente para chalets, propiedades de lujo o transacciones que requieren una venta r\u00e1pida y segura. Incluyendo elementos avanzados como termograf\u00eda infrarroja y valoraci\u00f3n de mercado, te proporcionamos un informe s\u00f3lido que [&hellip;]<\/p>\n","protected":false},"featured_media":244,"comment_status":"open","ping_status":"closed","template":"","meta":{"_acf_changed":false},"product_brand":[],"product_cat":[19],"product_tag":[],"class_list":{"0":"post-559","1":"product","2":"type-product","3":"status-publish","4":"has-post-thumbnail","6":"product_cat-verificacion-inmobiliaria-proptrust-verified","8":"first","9":"instock","10":"virtual","11":"purchasable","12":"product-type-simple"},"acf":[],"_links":{"self":[{"href":"https:\/\/proptrustverified.com\/en\/wp-json\/wp\/v2\/product\/559","targetHints":{"allow":["GET"]}}],"collection":[{"href":"https:\/\/proptrustverified.com\/en\/wp-json\/wp\/v2\/product"}],"about":[{"href":"https:\/\/proptrustverified.com\/en\/wp-json\/wp\/v2\/types\/product"}],"replies":[{"embeddable":true,"href":"https:\/\/proptrustverified.com\/en\/wp-json\/wp\/v2\/comments?post=559"}],"wp:featuredmedia":[{"embeddable":true,"href":"https:\/\/proptrustverified.com\/en\/wp-json\/wp\/v2\/media\/244"}],"wp:attachment":[{"href":"https:\/\/proptrustverified.com\/en\/wp-json\/wp\/v2\/media?parent=559"}],"wp:term":[{"taxonomy":"product_brand","embeddable":true,"href":"https:\/\/proptrustverified.com\/en\/wp-json\/wp\/v2\/product_brand?post=559"},{"taxonomy":"product_cat","embeddable":true,"href":"https:\/\/proptrustverified.com\/en\/wp-json\/wp\/v2\/product_cat?post=559"},{"taxonomy":"product_tag","embeddable":true,"href":"https:\/\/proptrustverified.com\/en\/wp-json\/wp\/v2\/product_tag?post=559"}],"curies":[{"name":"wp","href":"https:\/\/api.w.org\/{rel}","templated":true}]}}